{"id":998,"date":"2020-10-29T17:13:03","date_gmt":"2020-10-29T16:13:03","guid":{"rendered":"https:\/\/www.groupepremier.fr\/?page_id=998"},"modified":"2026-01-21T16:10:55","modified_gmt":"2026-01-21T15:10:55","slug":"clotures-et-portails","status":"publish","type":"page","link":"https:\/\/www.groupepremier.fr\/?page_id=998","title":{"rendered":"Cl\u00f4tures et portails"},"content":{"rendered":"<p>[et_pb_section fb_built=\u00a0\u00bb1&Prime; fullwidth=\u00a0\u00bbon\u00a0\u00bb admin_label=\u00a0\u00bbSection\u00a0\u00bb _builder_version=\u00a0\u00bb4.16&Prime; global_colors_info=\u00a0\u00bb{}\u00a0\u00bb][et_pb_fullwidth_image src=\u00a0\u00bbhttps:\/\/www.groupepremier.fr\/wp-content\/uploads\/2017\/02\/header-barrieres-gardes-corps-nice.jpg\u00a0\u00bb admin_label=\u00a0\u00bbImage en pleine largeur\u00a0\u00bb _builder_version=\u00a0\u00bb4.16&Prime; animation_style=\u00a0\u00bbslide\u00a0\u00bb animation_direction=\u00a0\u00bbleft\u00a0\u00bb animation_duration=\u00a0\u00bb500ms\u00a0\u00bb animation_intensity_slide=\u00a0\u00bb10%\u00a0\u00bb global_colors_info=\u00a0\u00bb{}\u00a0\u00bb][\/et_pb_fullwidth_image][\/et_pb_section][et_pb_section fb_built=\u00a0\u00bb1&Prime; admin_label=\u00a0\u00bbsection\u00a0\u00bb _builder_version=\u00a0\u00bb4.16&Prime; global_colors_info=\u00a0\u00bb{}\u00a0\u00bb][et_pb_row admin_label=\u00a0\u00bbrow\u00a0\u00bb _builder_version=\u00a0\u00bb4.16&Prime; background_size=\u00a0\u00bbinitial\u00a0\u00bb background_position=\u00a0\u00bbtop_left\u00a0\u00bb background_repeat=\u00a0\u00bbrepeat\u00a0\u00bb global_colors_info=\u00a0\u00bb{}\u00a0\u00bb][et_pb_column type=\u00a0\u00bb4_4&Prime; _builder_version=\u00a0\u00bb4.16&Prime; custom_padding=\u00a0\u00bb|||\u00a0\u00bb global_colors_info=\u00a0\u00bb{}\u00a0\u00bb custom_padding__hover=\u00a0\u00bb|||\u00a0\u00bb][et_pb_text admin_label=\u00a0\u00bbTexte\u00a0\u00bb _builder_version=\u00a0\u00bb4.16&Prime; background_size=\u00a0\u00bbinitial\u00a0\u00bb background_position=\u00a0\u00bbtop_left\u00a0\u00bb background_repeat=\u00a0\u00bbrepeat\u00a0\u00bb global_colors_info=\u00a0\u00bb{}\u00a0\u00bb]<\/p>\n<h1>Cl\u00f4tures, Portails \u00e0 Nice, Cannes, Menton (06)<\/h1>\n<p>Les cl\u00f4tures et portails jouent un r\u00f4le essentiel dans la s\u00e9curisation et l&rsquo;esth\u00e9tique de votre propri\u00e9t\u00e9. Ils d\u00e9limitent les espaces tout en refl\u00e9tant le caract\u00e8re de votre habitation.<\/p>\n<p>Chez Groupe Premier, nous comprenons l&rsquo;importance de ces \u00e9l\u00e9ments et proposons une gamme vari\u00e9e de cl\u00f4tures, portails et portillons adapt\u00e9s \u00e0 vos besoins sp\u00e9cifiques. Notre expertise en m\u00e9tallerie et ferronnerie d&rsquo;art nous permet de concevoir des solutions sur mesure, alliant robustesse et \u00e9l\u00e9gance. Que vous recherchiez un design traditionnel ou contemporain, nos r\u00e9alisations s&rsquo;harmonisent parfaitement avec l&rsquo;architecture environnante, tout en assurant une protection optimale.<\/p>\n<p>Forts de notre savoir-faire, nous vous accompagnons dans chaque \u00e9tape de votre projet, de la conception \u00e0 l&rsquo;installation, garantissant ainsi une qualit\u00e9 irr\u00e9prochable et une satisfaction durable.<\/p>\n<h2>Nos zones d&rsquo;intervention<\/h2>\n<p>Chez Groupe Premier, nous sommes fiers de proposer nos services de pose de cl\u00f4tures et portails de haute qualit\u00e9 \u00e0 travers tout le d\u00e9partement du 06. Nous mettons notre expertise au service de tous les habitants des Alpes-Maritimes.<\/p>\n<p>Notre \u00e9quipe d&rsquo;artisans sp\u00e9cialis\u00e9s intervient principalement dans les grandes villes de la C\u00f4te d&rsquo;Azur, notamment dans la zone ouest \u00e0:<\/p>\n<ul>\n<li><strong>Mandelieu-la-Napoule<\/strong><\/li>\n<li><strong>Cannes<\/strong><\/li>\n<li><strong>Le Cannet<\/strong><\/li>\n<li><strong>Mouans-Sartoux<\/strong><\/li>\n<\/ul>\n<p>Mais nous ne nous limitons pas aux zones urbaines ! Nous sommes \u00e9galement pr\u00e9sents dans les communes du centre du d\u00e9partement, telles que :<\/p>\n<ul>\n<li><strong>Nice<\/strong><\/li>\n<li><strong>Villefranche-sur-Mer<\/strong><\/li>\n<li><strong>Beaulieu-sur-Mer<\/strong><\/li>\n<\/ul>\n<p>Nous intervenons aussi dans les villes plus recul\u00e9es de l&rsquo;est du d\u00e9partement, comme :<\/p>\n<ul>\n<li><strong>Menton<\/strong><\/li>\n<li><strong>Cap-d&rsquo;Ail<\/strong><\/li>\n<li><strong>\u00c8ze<\/strong><\/li>\n<\/ul>\n<p>Et nous ne nous oublions pas les communes de l&rsquo;arri\u00e8re-pays, telles que Vence ou Tourrettes-sur-Loup.<\/p>\n<p>Notre expertise couvre tout le spectre de la pose de cl\u00f4tures et portails, des mod\u00e8les classiques aux designs plus modernes et innovants. Nous travaillons avec des mat\u00e9riaux de haute qualit\u00e9 et venons chez vous dans les petites communes de la moyenne vall\u00e9e du Var, comme :<\/p>\n<ul>\n<li><strong>Carros<\/strong><\/li>\n<li><strong>Colomars<\/strong><\/li>\n<li><strong>Gatti\u00e8res<\/strong><\/li>\n<\/ul>\n<p>[\/et_pb_text][\/et_pb_column][\/et_pb_row][et_pb_row admin_label=\u00a0\u00bbLigne\u00a0\u00bb _builder_version=\u00a0\u00bb3.25&Prime; background_size=\u00a0\u00bbinitial\u00a0\u00bb background_position=\u00a0\u00bbtop_left\u00a0\u00bb background_repeat=\u00a0\u00bbrepeat\u00a0\u00bb make_fullwidth=\u00a0\u00bboff\u00a0\u00bb use_custom_width=\u00a0\u00bboff\u00a0\u00bb width_unit=\u00a0\u00bbon\u00a0\u00bb global_module=\u00a0\u00bb1178&Prime; global_colors_info=\u00a0\u00bb{}\u00a0\u00bb][et_pb_column type=\u00a0\u00bb4_4&Prime; _builder_version=\u00a0\u00bb4.16&Prime; custom_padding=\u00a0\u00bb|||\u00a0\u00bb global_colors_info=\u00a0\u00bb{}\u00a0\u00bb custom_padding__hover=\u00a0\u00bb|||\u00a0\u00bb][et_pb_button button_url=\u00a0\u00bbhttps:\/\/www.groupepremier.fr\/contact\/\u00a0\u00bb button_text=\u00a0\u00bbNous contacter\u00a0\u00bb button_alignment=\u00a0\u00bbcenter\u00a0\u00bb admin_label=\u00a0\u00bbBouton\u00a0\u00bb _builder_version=\u00a0\u00bb4.16&Prime; custom_button=\u00a0\u00bbon\u00a0\u00bb button_text_color=\u00a0\u00bb#ffffff\u00a0\u00bb button_bg_color=\u00a0\u00bb#e5c03d\u00a0\u00bb background_layout=\u00a0\u00bbdark\u00a0\u00bb button_letter_spacing_hover=\u00a0\u00bb0&Prime; global_colors_info=\u00a0\u00bb{}\u00a0\u00bb button_text_size__hover_enabled=\u00a0\u00bboff\u00a0\u00bb button_one_text_size__hover_enabled=\u00a0\u00bboff\u00a0\u00bb button_two_text_size__hover_enabled=\u00a0\u00bboff\u00a0\u00bb button_text_color__hover_enabled=\u00a0\u00bboff\u00a0\u00bb button_one_text_color__hover_enabled=\u00a0\u00bboff\u00a0\u00bb button_two_text_color__hover_enabled=\u00a0\u00bboff\u00a0\u00bb button_border_width__hover_enabled=\u00a0\u00bboff\u00a0\u00bb button_one_border_width__hover_enabled=\u00a0\u00bboff\u00a0\u00bb button_two_border_width__hover_enabled=\u00a0\u00bboff\u00a0\u00bb button_border_color__hover_enabled=\u00a0\u00bboff\u00a0\u00bb button_one_border_color__hover_enabled=\u00a0\u00bboff\u00a0\u00bb button_two_border_color__hover_enabled=\u00a0\u00bboff\u00a0\u00bb button_border_radius__hover_enabled=\u00a0\u00bboff\u00a0\u00bb button_one_border_radius__hover_enabled=\u00a0\u00bboff\u00a0\u00bb button_two_border_radius__hover_enabled=\u00a0\u00bboff\u00a0\u00bb button_letter_spacing__hover_enabled=\u00a0\u00bbon\u00a0\u00bb button_letter_spacing__hover=\u00a0\u00bb0&Prime; button_one_letter_spacing__hover_enabled=\u00a0\u00bboff\u00a0\u00bb button_two_letter_spacing__hover_enabled=\u00a0\u00bboff\u00a0\u00bb button_bg_color__hover_enabled=\u00a0\u00bboff\u00a0\u00bb button_one_bg_color__hover_enabled=\u00a0\u00bboff\u00a0\u00bb button_two_bg_color__hover_enabled=\u00a0\u00bboff\u00a0\u00bb][\/et_pb_button][et_pb_text admin_label=\u00a0\u00bbTexte\u00a0\u00bb _builder_version=\u00a0\u00bb4.16&Prime; background_size=\u00a0\u00bbinitial\u00a0\u00bb background_position=\u00a0\u00bbtop_left\u00a0\u00bb background_repeat=\u00a0\u00bbrepeat\u00a0\u00bb use_border_color=\u00a0\u00bboff\u00a0\u00bb border_color=\u00a0\u00bb#ffffff\u00a0\u00bb border_style=\u00a0\u00bbsolid\u00a0\u00bb global_colors_info=\u00a0\u00bb{}\u00a0\u00bb]<\/p>\n<hr>\n<p>&nbsp;<\/p>\n<h2>Nos r\u00e9alisations :<\/h2>\n<p>[\/et_pb_text][\/et_pb_column][\/et_pb_row][et_pb_row admin_label=\u00a0\u00bbLigne\u00a0\u00bb _builder_version=\u00a0\u00bb4.16&Prime; background_size=\u00a0\u00bbinitial\u00a0\u00bb background_position=\u00a0\u00bbtop_left\u00a0\u00bb background_repeat=\u00a0\u00bbrepeat\u00a0\u00bb hover_enabled=\u00a0\u00bb0&Prime; global_colors_info=\u00a0\u00bb{}\u00a0\u00bb sticky_enabled=\u00a0\u00bb0&Prime;][et_pb_column type=\u00a0\u00bb4_4&Prime; _builder_version=\u00a0\u00bb4.16&Prime; custom_padding=\u00a0\u00bb|||\u00a0\u00bb global_colors_info=\u00a0\u00bb{}\u00a0\u00bb custom_padding__hover=\u00a0\u00bb|||\u00a0\u00bb][et_pb_gallery gallery_ids=\u00a0\u00bb1069,1070,1071,1072,1073,1074,1075,1076,1077,1079,1080,1081,1082&Prime; posts_number=\u00a0\u00bb150&Prime; show_pagination=\u00a0\u00bboff\u00a0\u00bb admin_label=\u00a0\u00bbGalerie\u00a0\u00bb _builder_version=\u00a0\u00bb4.27.4&Prime; background_layout=\u00a0\u00bbdark\u00a0\u00bb hover_enabled=\u00a0\u00bb0&Prime; global_colors_info=\u00a0\u00bb{}\u00a0\u00bb sticky_enabled=\u00a0\u00bb0&Prime;][\/et_pb_gallery][\/et_pb_column][\/et_pb_row][\/et_pb_section]<\/p>\n","protected":false},"excerpt":{"rendered":"<p>Cl\u00f4tures, Portails \u00e0 Nice, Cannes, Menton (06) Les cl\u00f4tures et portails jouent un r\u00f4le essentiel dans la s\u00e9curisation et l&rsquo;esth\u00e9tique de votre propri\u00e9t\u00e9. Ils d\u00e9limitent les espaces tout en refl\u00e9tant le caract\u00e8re de votre habitation. Chez Groupe Premier, nous comprenons l&rsquo;importance de ces \u00e9l\u00e9ments et proposons une gamme vari\u00e9e de cl\u00f4tures, portails et portillons adapt\u00e9s [&hellip;]<\/p>\n","protected":false},"author":1,"featured_media":0,"parent":0,"menu_order":0,"comment_status":"closed","ping_status":"closed","template":"","meta":{"_et_pb_use_builder":"on","_et_pb_old_content":"","_et_gb_content_width":"","footnotes":""},"class_list":["post-998","page","type-page","status-publish","hentry"],"aioseo_notices":[],"_links":{"self":[{"href":"https:\/\/www.groupepremier.fr\/index.php?rest_route=\/wp\/v2\/pages\/998","targetHints":{"allow":["GET"]}}],"collection":[{"href":"https:\/\/www.groupepremier.fr\/index.php?rest_route=\/wp\/v2\/pages"}],"about":[{"href":"https:\/\/www.groupepremier.fr\/index.php?rest_route=\/wp\/v2\/types\/page"}],"author":[{"embeddable":true,"href":"https:\/\/www.groupepremier.fr\/index.php?rest_route=\/wp\/v2\/users\/1"}],"replies":[{"embeddable":true,"href":"https:\/\/www.groupepremier.fr\/index.php?rest_route=%2Fwp%2Fv2%2Fcomments&post=998"}],"version-history":[{"count":23,"href":"https:\/\/www.groupepremier.fr\/index.php?rest_route=\/wp\/v2\/pages\/998\/revisions"}],"predecessor-version":[{"id":1294,"href":"https:\/\/www.groupepremier.fr\/index.php?rest_route=\/wp\/v2\/pages\/998\/revisions\/1294"}],"wp:attachment":[{"href":"https:\/\/www.groupepremier.fr\/index.php?rest_route=%2Fwp%2Fv2%2Fmedia&parent=998"}],"curies":[{"name":"wp","href":"https:\/\/api.w.org\/{rel}","templated":true}]}}