{"id":57,"date":"2017-02-07T11:42:46","date_gmt":"2017-02-07T10:42:46","guid":{"rendered":"https:\/\/www.groupepremier.fr\/?page_id=57"},"modified":"2026-03-25T18:22:14","modified_gmt":"2026-03-25T17:22:14","slug":"menuiserie-pvc-nice","status":"publish","type":"page","link":"https:\/\/www.groupepremier.fr\/?page_id=57","title":{"rendered":"Fen\u00eatres, menuiserie PVC et aluminium"},"content":{"rendered":"<p>[et_pb_section fb_built=\u00a0\u00bb1&Prime; fullwidth=\u00a0\u00bbon\u00a0\u00bb admin_label=\u00a0\u00bbSection\u00a0\u00bb _builder_version=\u00a0\u00bb4.16&Prime; global_colors_info=\u00a0\u00bb{}\u00a0\u00bb][et_pb_fullwidth_image src=\u00a0\u00bbhttps:\/\/www.groupepremier.fr\/wp-content\/uploads\/2017\/02\/header-menuiserie-pvc-nice.jpg\u00a0\u00bb admin_label=\u00a0\u00bbImage en pleine largeur\u00a0\u00bb _builder_version=\u00a0\u00bb4.16&Prime; animation_style=\u00a0\u00bbslide\u00a0\u00bb animation_direction=\u00a0\u00bbleft\u00a0\u00bb animation_duration=\u00a0\u00bb500ms\u00a0\u00bb animation_intensity_slide=\u00a0\u00bb10%\u00a0\u00bb global_colors_info=\u00a0\u00bb{}\u00a0\u00bb][\/et_pb_fullwidth_image][\/et_pb_section][et_pb_section fb_built=\u00a0\u00bb1&Prime; admin_label=\u00a0\u00bbsection\u00a0\u00bb _builder_version=\u00a0\u00bb4.16&Prime; global_colors_info=\u00a0\u00bb{}\u00a0\u00bb][et_pb_row admin_label=\u00a0\u00bbrow\u00a0\u00bb _builder_version=\u00a0\u00bb4.16&Prime; background_size=\u00a0\u00bbinitial\u00a0\u00bb background_position=\u00a0\u00bbtop_left\u00a0\u00bb background_repeat=\u00a0\u00bbrepeat\u00a0\u00bb global_colors_info=\u00a0\u00bb{}\u00a0\u00bb][et_pb_column type=\u00a0\u00bb4_4&Prime; _builder_version=\u00a0\u00bb4.16&Prime; custom_padding=\u00a0\u00bb|||\u00a0\u00bb global_colors_info=\u00a0\u00bb{}\u00a0\u00bb custom_padding__hover=\u00a0\u00bb|||\u00a0\u00bb][et_pb_text admin_label=\u00a0\u00bbTexte\u00a0\u00bb _builder_version=\u00a0\u00bb4.16&Prime; background_size=\u00a0\u00bbinitial\u00a0\u00bb background_position=\u00a0\u00bbtop_left\u00a0\u00bb background_repeat=\u00a0\u00bbrepeat\u00a0\u00bb custom_margin=\u00a0\u00bb||-22px|||\u00a0\u00bb global_colors_info=\u00a0\u00bb{}\u00a0\u00bb]<\/p>\n<h1 style=\"text-align: center;\">Vos fen\u00eatres et votre menuiserie en PVC et aluminium \u00e0 Nice, Antibes et Cannes<\/h1>\n<p>Vous \u00eates de plus en plus nombreux \u00e0 opter pour les menuiseries aluminium et PVC pour leurs esth\u00e9tiques et leurs isolations de grande qualit\u00e9.<\/p>\n<p>Vous voulez r\u00e9nover votre appartement, donner un nouveau look \u00e0 votre maison alors n&rsquo;h\u00e9sitez plus et laisser libre recours \u00e0 vos envies et votre imagination. \u00c9tablissez un devis gratuit \u00e0 l&rsquo;aide d&rsquo;un conseiller technique qui r\u00e9pondra \u00e0 toutes vos questions.<\/p>\n<p>Nos produits PVC et ALUMINIUM sont garanties aux normes fran\u00e7aises NF et CSTB B\u00e2timent.<\/p>\n<p>R\u00e9alisation et conception de tous travaux Alu et PVC:<\/p>\n<ul>\n<li>Fen\u00eatre Aluminium et PVC ouvrant \u00e0 la fran\u00e7aise et oscillo-battante.<\/li>\n<li>Fen\u00eatre et ch\u00e2ssis coulissant allant de 1 \u00e0 6 vantaux.<\/li>\n<li>Possibilit\u00e9 ch\u00e2ssis coulissant en galandage.<\/li>\n<li>Porte-fen\u00eatre de 1 vantail ou de 2 vantaux.<\/li>\n<li>Porte repliable, porte automatique.<\/li>\n<li>Remplacement des roulettes sur coulissant en Aluminium.<\/li>\n<li>SAV sur menuiseries ALU et PVC (toutes marques).<\/li>\n<\/ul>\n<p>RAL (Toutes teintes possibles):\u00a0Du standard Blanc 9010, Ivoire, Marron 9840, Gris, Champagne, toute imitation bois (Acajou, Ch\u00eane dor\u00e9&#8230;).<\/p>\n<p>Au coloris au choix dans toutes les teintes RAL.<\/p>\n<p>[\/et_pb_text][\/et_pb_column][\/et_pb_row][et_pb_row admin_label=\u00a0\u00bbLigne\u00a0\u00bb _builder_version=\u00a0\u00bb3.25&Prime; background_size=\u00a0\u00bbinitial\u00a0\u00bb background_position=\u00a0\u00bbtop_left\u00a0\u00bb background_repeat=\u00a0\u00bbrepeat\u00a0\u00bb custom_padding=\u00a0\u00bb8px|||||\u00a0\u00bb make_fullwidth=\u00a0\u00bboff\u00a0\u00bb use_custom_width=\u00a0\u00bboff\u00a0\u00bb width_unit=\u00a0\u00bbon\u00a0\u00bb global_module=\u00a0\u00bb1178&Prime; global_colors_info=\u00a0\u00bb{}\u00a0\u00bb][et_pb_column type=\u00a0\u00bb4_4&Prime; _builder_version=\u00a0\u00bb4.16&Prime; custom_padding=\u00a0\u00bb|||\u00a0\u00bb global_colors_info=\u00a0\u00bb{}\u00a0\u00bb custom_padding__hover=\u00a0\u00bb|||\u00a0\u00bb][et_pb_button button_url=\u00a0\u00bbhttps:\/\/www.groupepremier.fr\/?page_id=69&Prime; button_text=\u00a0\u00bbNous contacter\u00a0\u00bb button_alignment=\u00a0\u00bbcenter\u00a0\u00bb admin_label=\u00a0\u00bbBouton\u00a0\u00bb _builder_version=\u00a0\u00bb4.27.6&Prime; custom_button=\u00a0\u00bbon\u00a0\u00bb button_text_color=\u00a0\u00bb#ffffff\u00a0\u00bb button_bg_color=\u00a0\u00bb#e5c03d\u00a0\u00bb background_layout=\u00a0\u00bbdark\u00a0\u00bb button_letter_spacing_hover=\u00a0\u00bb0&Prime; global_colors_info=\u00a0\u00bb{}\u00a0\u00bb button_text_size__hover_enabled=\u00a0\u00bboff\u00a0\u00bb button_one_text_size__hover_enabled=\u00a0\u00bboff\u00a0\u00bb button_two_text_size__hover_enabled=\u00a0\u00bboff\u00a0\u00bb button_text_color__hover_enabled=\u00a0\u00bboff\u00a0\u00bb button_one_text_color__hover_enabled=\u00a0\u00bboff\u00a0\u00bb button_two_text_color__hover_enabled=\u00a0\u00bboff\u00a0\u00bb button_border_width__hover_enabled=\u00a0\u00bboff\u00a0\u00bb button_one_border_width__hover_enabled=\u00a0\u00bboff\u00a0\u00bb button_two_border_width__hover_enabled=\u00a0\u00bboff\u00a0\u00bb button_border_color__hover_enabled=\u00a0\u00bboff\u00a0\u00bb button_one_border_color__hover_enabled=\u00a0\u00bboff\u00a0\u00bb button_two_border_color__hover_enabled=\u00a0\u00bboff\u00a0\u00bb button_border_radius__hover_enabled=\u00a0\u00bboff\u00a0\u00bb button_one_border_radius__hover_enabled=\u00a0\u00bboff\u00a0\u00bb button_two_border_radius__hover_enabled=\u00a0\u00bboff\u00a0\u00bb button_letter_spacing__hover_enabled=\u00a0\u00bbon\u00a0\u00bb button_letter_spacing__hover=\u00a0\u00bb0&Prime; button_one_letter_spacing__hover_enabled=\u00a0\u00bboff\u00a0\u00bb button_two_letter_spacing__hover_enabled=\u00a0\u00bboff\u00a0\u00bb button_bg_color__hover_enabled=\u00a0\u00bboff\u00a0\u00bb button_one_bg_color__hover_enabled=\u00a0\u00bboff\u00a0\u00bb button_two_bg_color__hover_enabled=\u00a0\u00bboff\u00a0\u00bb][\/et_pb_button][et_pb_text admin_label=\u00a0\u00bbTexte\u00a0\u00bb _builder_version=\u00a0\u00bb4.16&Prime; background_size=\u00a0\u00bbinitial\u00a0\u00bb background_position=\u00a0\u00bbtop_left\u00a0\u00bb background_repeat=\u00a0\u00bbrepeat\u00a0\u00bb use_border_color=\u00a0\u00bboff\u00a0\u00bb border_color=\u00a0\u00bb#ffffff\u00a0\u00bb border_style=\u00a0\u00bbsolid\u00a0\u00bb global_colors_info=\u00a0\u00bb{}\u00a0\u00bb]<\/p>\n<hr>\n<p>&nbsp;<\/p>\n<h2>Nos r\u00e9alisations :<\/h2>\n<p>[\/et_pb_text][\/et_pb_column][\/et_pb_row][et_pb_row admin_label=\u00a0\u00bbLigne\u00a0\u00bb _builder_version=\u00a0\u00bb4.16&Prime; background_size=\u00a0\u00bbinitial\u00a0\u00bb background_position=\u00a0\u00bbtop_left\u00a0\u00bb background_repeat=\u00a0\u00bbrepeat\u00a0\u00bb global_colors_info=\u00a0\u00bb{}\u00a0\u00bb][et_pb_column type=\u00a0\u00bb4_4&Prime; _builder_version=\u00a0\u00bb4.16&Prime; custom_padding=\u00a0\u00bb|||\u00a0\u00bb global_colors_info=\u00a0\u00bb{}\u00a0\u00bb custom_padding__hover=\u00a0\u00bb|||\u00a0\u00bb][et_pb_gallery gallery_ids=\u00a0\u00bb727,728,730,731,732,733,735,736,740,742,745,746,747,748,749,750,751,752,753,754,755,758,759,760,761,763,765,767,768,769,770,771,881,884,885,886,887,904,1138,1139,1146,1147,1159,1160&Prime; posts_number=\u00a0\u00bb300&Prime; show_title_and_caption=\u00a0\u00bboff\u00a0\u00bb show_pagination=\u00a0\u00bboff\u00a0\u00bb admin_label=\u00a0\u00bbGalerie Fen\u00eatres et menuiserie\u00a0\u00bb _builder_version=\u00a0\u00bb4.27.6&Prime; background_layout=\u00a0\u00bbdark\u00a0\u00bb hover_enabled=\u00a0\u00bb0&Prime; border_width_all=\u00a0\u00bb1px\u00a0\u00bb border_color_all=\u00a0\u00bb#ffffff\u00a0\u00bb border_style_all=\u00a0\u00bbsolid\u00a0\u00bb use_border_color=\u00a0\u00bbon\u00a0\u00bb global_colors_info=\u00a0\u00bb{}\u00a0\u00bb sticky_enabled=\u00a0\u00bb0&Prime;][\/et_pb_gallery][\/et_pb_column][\/et_pb_row][et_pb_row _builder_version=\u00a0\u00bb4.16&Prime; background_size=\u00a0\u00bbinitial\u00a0\u00bb background_position=\u00a0\u00bbtop_left\u00a0\u00bb background_repeat=\u00a0\u00bbrepeat\u00a0\u00bb global_colors_info=\u00a0\u00bb{}\u00a0\u00bb][et_pb_column type=\u00a0\u00bb4_4&Prime; _builder_version=\u00a0\u00bb4.16&Prime; custom_padding=\u00a0\u00bb|||\u00a0\u00bb global_colors_info=\u00a0\u00bb{}\u00a0\u00bb custom_padding__hover=\u00a0\u00bb|||\u00a0\u00bb][et_pb_text _builder_version=\u00a0\u00bb4.16&Prime; background_size=\u00a0\u00bbinitial\u00a0\u00bb background_position=\u00a0\u00bbtop_left\u00a0\u00bb background_repeat=\u00a0\u00bbrepeat\u00a0\u00bb global_colors_info=\u00a0\u00bb{}\u00a0\u00bb]<\/p>\n<h2>Nos zones d&rsquo;intervention<\/h2>\n<p>Chez Groupe Premier, nous sommes fiers d\u2019accompagner nos clients dans tous leurs projets de fen\u00eatres et de menuiserie \u00e0 travers le <strong>d\u00e9partement des Alpes-Maritimes (06).<\/strong> Que vous soyez en bord de mer ou dans l\u2019arri\u00e8re-pays, notre \u00e9quipe d\u2019experts est \u00e0 votre service pour r\u00e9pondre \u00e0 vos besoins avec professionnalisme et pr\u00e9cision.<\/p>\n<p>Nos zones d\u2019intervention couvrent les grandes villes comme <strong>Cannes<\/strong>, <strong>Antibes<\/strong>, <strong>Nice<\/strong>, <strong>Grasse <\/strong>et <strong>Menton<\/strong>, o\u00f9 nous r\u00e9alisons la pose et la r\u00e9novation de fen\u00eatres, portes-fen\u00eatres, baies vitr\u00e9es et volets sur mesure. Nous sommes \u00e9galement pr\u00e9sents \u00e0 <strong>Monaco (98000)<\/strong>, o\u00f9 notre savoir-faire s\u2019adapte aux exigences sp\u00e9cifiques de ce territoire unique.<\/p>\n<p>Pour les habitants des communes de l\u2019arri\u00e8re-pays, telles que <strong>Levens<\/strong>, Tende, <strong>Tourrettes-sur-Loup<\/strong>, ou encore <strong>Saint-Martin-V\u00e9subie<\/strong>, nous proposons des solutions adapt\u00e9es \u00e0 l\u2019environnement et aux particularit\u00e9s architecturales locales. Notre engagement reste le m\u00eame : vous offrir des menuiseries performantes, esth\u00e9tiques et respectueuses des normes en vigueur.<\/p>\n<p>Chez Groupe Premier, chaque projet est une occasion de mettre en \u0153uvre notre passion du travail bien fait. Que vous cherchiez \u00e0 optimiser l\u2019isolation thermique et phonique de votre habitation, ou \u00e0 moderniser vos fen\u00eatres pour un design contemporain, nous sommes l\u00e0 pour vous accompagner dans les plus petites communes comme<strong> Vence<\/strong>, <strong>La Colle-sur-Loup<\/strong> ou <strong>Saint-Paul-de-Vence.<\/strong><br \/>\n[\/et_pb_text][\/et_pb_column][\/et_pb_row][\/et_pb_section]<\/p>\n","protected":false},"excerpt":{"rendered":"<p>Vos fen\u00eatres et votre menuiserie en PVC et aluminium \u00e0 Nice, Antibes et Cannes Vous \u00eates de plus en plus nombreux \u00e0 opter pour les menuiseries aluminium et PVC pour leurs esth\u00e9tiques et leurs isolations de grande qualit\u00e9. Vous voulez r\u00e9nover votre appartement, donner un nouveau look \u00e0 votre maison alors n&rsquo;h\u00e9sitez plus et laisser [&hellip;]<\/p>\n","protected":false},"author":1,"featured_media":0,"parent":0,"menu_order":0,"comment_status":"closed","ping_status":"closed","template":"","meta":{"_et_pb_use_builder":"on","_et_pb_old_content":"","_et_gb_content_width":"","footnotes":""},"class_list":["post-57","page","type-page","status-publish","hentry"],"aioseo_notices":[],"_links":{"self":[{"href":"https:\/\/www.groupepremier.fr\/index.php?rest_route=\/wp\/v2\/pages\/57","targetHints":{"allow":["GET"]}}],"collection":[{"href":"https:\/\/www.groupepremier.fr\/index.php?rest_route=\/wp\/v2\/pages"}],"about":[{"href":"https:\/\/www.groupepremier.fr\/index.php?rest_route=\/wp\/v2\/types\/page"}],"author":[{"embeddable":true,"href":"https:\/\/www.groupepremier.fr\/index.php?rest_route=\/wp\/v2\/users\/1"}],"replies":[{"embeddable":true,"href":"https:\/\/www.groupepremier.fr\/index.php?rest_route=%2Fwp%2Fv2%2Fcomments&post=57"}],"version-history":[{"count":43,"href":"https:\/\/www.groupepremier.fr\/index.php?rest_route=\/wp\/v2\/pages\/57\/revisions"}],"predecessor-version":[{"id":1339,"href":"https:\/\/www.groupepremier.fr\/index.php?rest_route=\/wp\/v2\/pages\/57\/revisions\/1339"}],"wp:attachment":[{"href":"https:\/\/www.groupepremier.fr\/index.php?rest_route=%2Fwp%2Fv2%2Fmedia&parent=57"}],"curies":[{"name":"wp","href":"https:\/\/api.w.org\/{rel}","templated":true}]}}