{"id":121,"date":"2017-02-07T14:54:46","date_gmt":"2017-02-07T13:54:46","guid":{"rendered":"https:\/\/www.groupepremier.fr\/?page_id=121"},"modified":"2026-03-25T22:48:04","modified_gmt":"2026-03-25T21:48:04","slug":"barrieres-gardes-corps-nice","status":"publish","type":"page","link":"https:\/\/www.groupepremier.fr\/?page_id=121","title":{"rendered":"Gardes-corps"},"content":{"rendered":"<p>[et_pb_section fb_built=\u00a0\u00bb1&Prime; fullwidth=\u00a0\u00bbon\u00a0\u00bb admin_label=\u00a0\u00bbSection\u00a0\u00bb _builder_version=\u00a0\u00bb4.16&Prime; global_colors_info=\u00a0\u00bb{}\u00a0\u00bb][et_pb_fullwidth_image src=\u00a0\u00bbhttps:\/\/www.groupepremier.fr\/wp-content\/uploads\/2017\/02\/header-barrieres-gardes-corps-nice.jpg\u00a0\u00bb admin_label=\u00a0\u00bbImage en pleine largeur\u00a0\u00bb _builder_version=\u00a0\u00bb4.16&Prime; animation_style=\u00a0\u00bbslide\u00a0\u00bb animation_direction=\u00a0\u00bbleft\u00a0\u00bb animation_duration=\u00a0\u00bb500ms\u00a0\u00bb animation_intensity_slide=\u00a0\u00bb10%\u00a0\u00bb global_colors_info=\u00a0\u00bb{}\u00a0\u00bb][\/et_pb_fullwidth_image][\/et_pb_section][et_pb_section fb_built=\u00a0\u00bb1&Prime; admin_label=\u00a0\u00bbsection\u00a0\u00bb _builder_version=\u00a0\u00bb4.16&Prime; global_colors_info=\u00a0\u00bb{}\u00a0\u00bb][et_pb_row admin_label=\u00a0\u00bbrow\u00a0\u00bb _builder_version=\u00a0\u00bb4.16&Prime; background_size=\u00a0\u00bbinitial\u00a0\u00bb background_position=\u00a0\u00bbtop_left\u00a0\u00bb background_repeat=\u00a0\u00bbrepeat\u00a0\u00bb global_colors_info=\u00a0\u00bb{}\u00a0\u00bb][et_pb_column type=\u00a0\u00bb4_4&Prime; _builder_version=\u00a0\u00bb4.16&Prime; custom_padding=\u00a0\u00bb|||\u00a0\u00bb global_colors_info=\u00a0\u00bb{}\u00a0\u00bb custom_padding__hover=\u00a0\u00bb|||\u00a0\u00bb][et_pb_text admin_label=\u00a0\u00bbTexte\u00a0\u00bb _builder_version=\u00a0\u00bb4.16&Prime; background_size=\u00a0\u00bbinitial\u00a0\u00bb background_position=\u00a0\u00bbtop_left\u00a0\u00bb background_repeat=\u00a0\u00bbrepeat\u00a0\u00bb global_colors_info=\u00a0\u00bb{}\u00a0\u00bb]<\/p>\n<h1>Vos barri\u00e8res et garde-corps sur Nice et Cannes<\/h1>\n<p>S\u00e9curiser un escalier, une terrasse, un balcon&#8230; Prot\u00e9ger tout simplement ceux que l&rsquo;on aime, tout en pr\u00e9servant la beaut\u00e9 de votre espace de vie.<\/p>\n<p>P\u00e9rennit\u00e9, robustesse, design, la gamme de garde-corps aluminium de Groupe Premier r\u00e9pondra \u00e0 toutes vos exigences.<\/p>\n<p>L&rsquo;assemblage, le r\u00e9glage et la pose du garde-corps de Groupe Premier sont d&rsquo;une facilit\u00e9 extr\u00eame pour, une pose en nez de dalle, sur dalle, sur muret ou en rampant(en remplissage ou en barreaudage, notre gamme est disponible dans toutes les couleurs de la palette RAL et en diff\u00e9rents mat\u00e9riaux acier, inox &#8230;).<\/p>\n<p>Mod\u00e8les disponibles:<\/p>\n<ul>\n<li>Garde-corps en verre<\/li>\n<li>Garde-corps droits<\/li>\n<li>Garde corps cintr\u00e9<\/li>\n<li>Garde corps \u00e0 barreaudage<\/li>\n<li>Garde corps remplissage vitr\u00e9 ou Altuglass<\/li>\n<li>Garde corps avec croix de saint Andr\u00e9<\/li>\n<\/ul>\n<p>[\/et_pb_text][\/et_pb_column][\/et_pb_row][et_pb_row _builder_version=\u00a0\u00bb4.16&Prime; background_size=\u00a0\u00bbinitial\u00a0\u00bb background_position=\u00a0\u00bbtop_left\u00a0\u00bb background_repeat=\u00a0\u00bbrepeat\u00a0\u00bb global_colors_info=\u00a0\u00bb{}\u00a0\u00bb][et_pb_column type=\u00a0\u00bb4_4&Prime; _builder_version=\u00a0\u00bb4.16&Prime; custom_padding=\u00a0\u00bb|||\u00a0\u00bb global_colors_info=\u00a0\u00bb{}\u00a0\u00bb custom_padding__hover=\u00a0\u00bb|||\u00a0\u00bb][et_pb_text _builder_version=\u00a0\u00bb4.16&Prime; background_size=\u00a0\u00bbinitial\u00a0\u00bb background_position=\u00a0\u00bbtop_left\u00a0\u00bb background_repeat=\u00a0\u00bbrepeat\u00a0\u00bb global_colors_info=\u00a0\u00bb{}\u00a0\u00bb]<\/p>\n<h2>Nos zones d&rsquo;intervention<\/h2>\n<p>Chez Groupe Premier, nous sommes fiers de proposer nos services de pose de garde-corps de haute qualit&eacute; &agrave; travers tout le d&eacute;partement des Alpes-Maritimes (06). Notre &eacute;quipe d&rsquo;artisans sp&eacute;cialis&eacute;s intervient principalement dans les grandes villes de la C&ocirc;te d&rsquo;Azur, notamment &agrave;&nbsp;:<\/p>\n<ul>\n<li><strong>Cannes<\/strong><\/li>\n<li><strong>Nice<\/strong><\/li>\n<li><strong>Antibes<\/strong><\/li>\n<li><strong>Villefranche-sur-Mer<\/strong><\/li>\n<li><strong>Beaulieu-sur-Mer<\/strong><\/li>\n<li><strong>Monaco<\/strong><\/li>\n<li><strong>Menton<\/strong><\/li>\n<\/ul>\n<p>Mais nous ne nous limitons pas aux zones urbaines ! Nous sommes &eacute;galement pr&eacute;sents dans les villes plus recul&eacute;es de l&rsquo;arri&egrave;re-pays, telles que&nbsp;:<\/p>\n<ul>\n<li><strong>Grasse<\/strong><\/li>\n<li><strong>Draguignan<\/strong><\/li>\n<li><strong>Vence<\/strong><\/li>\n<li><strong>Cagnes-sur-Mer<\/strong><\/li>\n<li><strong>Saint-Paul-de-Vence<\/strong><\/li>\n<\/ul>\n<p>Notre expertise couvre tout le spectre de la pose de garde-corps, des mod&egrave;les classiques aux designs plus modernes et innovants. Nous travaillons avec des mat&eacute;riaux de haute qualit&eacute;, tels que le verre, l&rsquo;acier, l&rsquo;aluminium ou l&rsquo;inox et venons chez vous dans les petites communes comme&nbsp;:<\/p>\n<ul>\n<li><strong>Carros<\/strong><\/li>\n<li><strong>Gatti&egrave;res<\/strong><\/li>\n<li><strong>Levens<\/strong><\/li>\n<li><strong>Aspremont<\/strong><\/li>\n<\/ul>\n<p>N&rsquo;h&eacute;sitez pas &agrave; nous contacter pour obtenir un devis personnalis&eacute; ou pour discuter de votre projet.<\/p>\n<p>[\/et_pb_text][\/et_pb_column][\/et_pb_row][et_pb_row admin_label=\u00a0\u00bbLigne\u00a0\u00bb _builder_version=\u00a0\u00bb3.25&Prime; background_size=\u00a0\u00bbinitial\u00a0\u00bb background_position=\u00a0\u00bbtop_left\u00a0\u00bb background_repeat=\u00a0\u00bbrepeat\u00a0\u00bb custom_padding=\u00a0\u00bb8px|||||\u00a0\u00bb make_fullwidth=\u00a0\u00bboff\u00a0\u00bb use_custom_width=\u00a0\u00bboff\u00a0\u00bb width_unit=\u00a0\u00bbon\u00a0\u00bb global_module=\u00a0\u00bb1178&Prime; global_colors_info=\u00a0\u00bb{}\u00a0\u00bb][et_pb_column type=\u00a0\u00bb4_4&Prime; _builder_version=\u00a0\u00bb4.16&Prime; custom_padding=\u00a0\u00bb|||\u00a0\u00bb global_colors_info=\u00a0\u00bb{}\u00a0\u00bb custom_padding__hover=\u00a0\u00bb|||\u00a0\u00bb][et_pb_button button_url=\u00a0\u00bbhttps:\/\/www.groupepremier.fr\/?page_id=69&Prime; button_text=\u00a0\u00bbNous contacter\u00a0\u00bb button_alignment=\u00a0\u00bbcenter\u00a0\u00bb admin_label=\u00a0\u00bbBouton\u00a0\u00bb _builder_version=\u00a0\u00bb4.27.6&Prime; custom_button=\u00a0\u00bbon\u00a0\u00bb button_text_color=\u00a0\u00bb#ffffff\u00a0\u00bb button_bg_color=\u00a0\u00bb#e5c03d\u00a0\u00bb background_layout=\u00a0\u00bbdark\u00a0\u00bb button_letter_spacing_hover=\u00a0\u00bb0&Prime; global_colors_info=\u00a0\u00bb{}\u00a0\u00bb button_text_size__hover_enabled=\u00a0\u00bboff\u00a0\u00bb button_one_text_size__hover_enabled=\u00a0\u00bboff\u00a0\u00bb button_two_text_size__hover_enabled=\u00a0\u00bboff\u00a0\u00bb button_text_color__hover_enabled=\u00a0\u00bboff\u00a0\u00bb button_one_text_color__hover_enabled=\u00a0\u00bboff\u00a0\u00bb button_two_text_color__hover_enabled=\u00a0\u00bboff\u00a0\u00bb button_border_width__hover_enabled=\u00a0\u00bboff\u00a0\u00bb button_one_border_width__hover_enabled=\u00a0\u00bboff\u00a0\u00bb button_two_border_width__hover_enabled=\u00a0\u00bboff\u00a0\u00bb button_border_color__hover_enabled=\u00a0\u00bboff\u00a0\u00bb button_one_border_color__hover_enabled=\u00a0\u00bboff\u00a0\u00bb button_two_border_color__hover_enabled=\u00a0\u00bboff\u00a0\u00bb button_border_radius__hover_enabled=\u00a0\u00bboff\u00a0\u00bb button_one_border_radius__hover_enabled=\u00a0\u00bboff\u00a0\u00bb button_two_border_radius__hover_enabled=\u00a0\u00bboff\u00a0\u00bb button_letter_spacing__hover_enabled=\u00a0\u00bbon\u00a0\u00bb button_letter_spacing__hover=\u00a0\u00bb0&Prime; button_one_letter_spacing__hover_enabled=\u00a0\u00bboff\u00a0\u00bb button_two_letter_spacing__hover_enabled=\u00a0\u00bboff\u00a0\u00bb button_bg_color__hover_enabled=\u00a0\u00bboff\u00a0\u00bb button_one_bg_color__hover_enabled=\u00a0\u00bboff\u00a0\u00bb button_two_bg_color__hover_enabled=\u00a0\u00bboff\u00a0\u00bb][\/et_pb_button][et_pb_text admin_label=\u00a0\u00bbTexte\u00a0\u00bb _builder_version=\u00a0\u00bb4.16&Prime; background_size=\u00a0\u00bbinitial\u00a0\u00bb background_position=\u00a0\u00bbtop_left\u00a0\u00bb background_repeat=\u00a0\u00bbrepeat\u00a0\u00bb use_border_color=\u00a0\u00bboff\u00a0\u00bb border_color=\u00a0\u00bb#ffffff\u00a0\u00bb border_style=\u00a0\u00bbsolid\u00a0\u00bb global_colors_info=\u00a0\u00bb{}\u00a0\u00bb]<\/p>\n<hr>\n<p>&nbsp;<\/p>\n<h2>Nos r\u00e9alisations :<\/h2>\n<p>[\/et_pb_text][\/et_pb_column][\/et_pb_row][et_pb_row admin_label=\u00a0\u00bbLigne\u00a0\u00bb _builder_version=\u00a0\u00bb4.16&Prime; background_size=\u00a0\u00bbinitial\u00a0\u00bb background_position=\u00a0\u00bbtop_left\u00a0\u00bb background_repeat=\u00a0\u00bbrepeat\u00a0\u00bb global_colors_info=\u00a0\u00bb{}\u00a0\u00bb][et_pb_column type=\u00a0\u00bb4_4&Prime; _builder_version=\u00a0\u00bb4.16&Prime; custom_padding=\u00a0\u00bb|||\u00a0\u00bb global_colors_info=\u00a0\u00bb{}\u00a0\u00bb custom_padding__hover=\u00a0\u00bb|||\u00a0\u00bb][et_pb_gallery gallery_ids=\u00a0\u00bb132,133,134,135,136,137,138,139,375,376,377,378,379,380,381,461,462,465,466,467,469,471,473,472,582,863,864,865,866,897,898,920,921,922,994,1132,1133,1134,1168,1170&Prime; posts_number=\u00a0\u00bb300&Prime; show_pagination=\u00a0\u00bboff\u00a0\u00bb admin_label=\u00a0\u00bbGalerie\u00a0\u00bb _builder_version=\u00a0\u00bb4.27.6&Prime; background_layout=\u00a0\u00bbdark\u00a0\u00bb hover_enabled=\u00a0\u00bb0&Prime; global_colors_info=\u00a0\u00bb{}\u00a0\u00bb sticky_enabled=\u00a0\u00bb0&Prime;][\/et_pb_gallery][\/et_pb_column][\/et_pb_row][\/et_pb_section]<\/p>\n","protected":false},"excerpt":{"rendered":"<p>Vos barri\u00e8res et garde-corps sur Nice et Cannes S\u00e9curiser un escalier, une terrasse, un balcon&#8230; Prot\u00e9ger tout simplement ceux que l&rsquo;on aime, tout en pr\u00e9servant la beaut\u00e9 de votre espace de vie. P\u00e9rennit\u00e9, robustesse, design, la gamme de garde-corps aluminium de Groupe Premier r\u00e9pondra \u00e0 toutes vos exigences. L&rsquo;assemblage, le r\u00e9glage et la pose du [&hellip;]<\/p>\n","protected":false},"author":1,"featured_media":0,"parent":0,"menu_order":0,"comment_status":"closed","ping_status":"closed","template":"","meta":{"_et_pb_use_builder":"on","_et_pb_old_content":"","_et_gb_content_width":"","footnotes":""},"class_list":["post-121","page","type-page","status-publish","hentry"],"aioseo_notices":[],"_links":{"self":[{"href":"https:\/\/www.groupepremier.fr\/index.php?rest_route=\/wp\/v2\/pages\/121","targetHints":{"allow":["GET"]}}],"collection":[{"href":"https:\/\/www.groupepremier.fr\/index.php?rest_route=\/wp\/v2\/pages"}],"about":[{"href":"https:\/\/www.groupepremier.fr\/index.php?rest_route=\/wp\/v2\/types\/page"}],"author":[{"embeddable":true,"href":"https:\/\/www.groupepremier.fr\/index.php?rest_route=\/wp\/v2\/users\/1"}],"replies":[{"embeddable":true,"href":"https:\/\/www.groupepremier.fr\/index.php?rest_route=%2Fwp%2Fv2%2Fcomments&post=121"}],"version-history":[{"count":29,"href":"https:\/\/www.groupepremier.fr\/index.php?rest_route=\/wp\/v2\/pages\/121\/revisions"}],"predecessor-version":[{"id":1348,"href":"https:\/\/www.groupepremier.fr\/index.php?rest_route=\/wp\/v2\/pages\/121\/revisions\/1348"}],"wp:attachment":[{"href":"https:\/\/www.groupepremier.fr\/index.php?rest_route=%2Fwp%2Fv2%2Fmedia&parent=121"}],"curies":[{"name":"wp","href":"https:\/\/api.w.org\/{rel}","templated":true}]}}