{"id":110,"date":"2017-02-07T14:52:29","date_gmt":"2017-02-07T13:52:29","guid":{"rendered":"https:\/\/www.groupepremier.fr\/?page_id=110"},"modified":"2026-03-27T11:42:40","modified_gmt":"2026-03-27T10:42:40","slug":"volets-roulants-stores-nice","status":"publish","type":"page","link":"https:\/\/www.groupepremier.fr\/?page_id=110","title":{"rendered":"Volets roulants et stores"},"content":{"rendered":"<p>[et_pb_section fb_built=\u00a0\u00bb1&Prime; fullwidth=\u00a0\u00bbon\u00a0\u00bb admin_label=\u00a0\u00bbSection\u00a0\u00bb _builder_version=\u00a0\u00bb4.16&Prime; global_colors_info=\u00a0\u00bb{}\u00a0\u00bb][et_pb_fullwidth_image src=\u00a0\u00bbhttps:\/\/www.groupepremier.fr\/wp-content\/uploads\/2017\/02\/header-volets-roulants-stores-nice.jpg\u00a0\u00bb admin_label=\u00a0\u00bbImage en pleine largeur\u00a0\u00bb _builder_version=\u00a0\u00bb4.16&Prime; animation_style=\u00a0\u00bbslide\u00a0\u00bb animation_direction=\u00a0\u00bbleft\u00a0\u00bb animation_duration=\u00a0\u00bb500ms\u00a0\u00bb animation_intensity_slide=\u00a0\u00bb10%\u00a0\u00bb global_colors_info=\u00a0\u00bb{}\u00a0\u00bb][\/et_pb_fullwidth_image][\/et_pb_section][et_pb_section fb_built=\u00a0\u00bb1&Prime; admin_label=\u00a0\u00bbsection\u00a0\u00bb _builder_version=\u00a0\u00bb4.16&Prime; global_colors_info=\u00a0\u00bb{}\u00a0\u00bb][et_pb_row admin_label=\u00a0\u00bbrow\u00a0\u00bb _builder_version=\u00a0\u00bb4.16&Prime; background_size=\u00a0\u00bbinitial\u00a0\u00bb background_position=\u00a0\u00bbtop_left\u00a0\u00bb background_repeat=\u00a0\u00bbrepeat\u00a0\u00bb global_colors_info=\u00a0\u00bb{}\u00a0\u00bb][et_pb_column type=\u00a0\u00bb4_4&Prime; _builder_version=\u00a0\u00bb4.16&Prime; custom_padding=\u00a0\u00bb|||\u00a0\u00bb global_colors_info=\u00a0\u00bb{}\u00a0\u00bb custom_padding__hover=\u00a0\u00bb|||\u00a0\u00bb][et_pb_text admin_label=\u00a0\u00bbTexte\u00a0\u00bb _builder_version=\u00a0\u00bb4.16&Prime; background_size=\u00a0\u00bbinitial\u00a0\u00bb background_position=\u00a0\u00bbtop_left\u00a0\u00bb background_repeat=\u00a0\u00bbrepeat\u00a0\u00bb global_colors_info=\u00a0\u00bb{}\u00a0\u00bb]<\/p>\n<h1>Sp\u00e9cialistes des volets roulants de Cannes \u00e0 Menton<\/h1>\n<h2>Volets roulants \u00e0 fonctionnement manuel :<\/h2>\n<p>Le volet roulant reste l&rsquo;outil indispensable quant \u00e0 l&rsquo;isolation, le confort et la s\u00e9curit\u00e9 de votre habitation. En effet il participe \u00e0 la s\u00e9curit\u00e9 de vos biens et des personnes. Il joue aussi une v\u00e9ritable barri\u00e8re thermique, il am\u00e9liore sensiblement l&rsquo;isolation et les nuisances sonores.<\/p>\n<p>Vous avez le choix entre des volets roulants en PVC alv\u00e9ol\u00e9, en Aluminium double-paroi, Aluminium extrud\u00e9, acier avec possibilit\u00e9 mousse haute densit\u00e9 (isolation thermique renforc\u00e9e) \u00e0 l&rsquo;int\u00e9rieur.<\/p>\n<p>Les lames assurent une grande isolation contre le froid et les intemp\u00e9ries, v\u00e9ritable protection solaire, il s&rsquo;adapte \u00e0 vos exigences de confort. Il lutte contre l&rsquo;effet de serre dans votre habitation.<\/p>\n<p>Possibilit\u00e9 que les lames non compl\u00e8tement empil\u00e9es font appara\u00eetre des ajoures qui laissent rentrer la lumi\u00e8re, ou deviennent occultantes lorsqu&rsquo;elles sont compl\u00e8tement ferm\u00e9es.<\/p>\n<p>Vous avez le choix entre le fonctionnement manuel ou \u00e9lectrique, avec ou sans t\u00e9l\u00e9commande. Les moteurs qui \u00e9quipent nos volets roulants sont garantis SOMFY et sont aux normes NF et CSTB au choix..<\/p>\n<p>Nous motorisons aussi les volets roulants d\u00e9j\u00e0 existants avec la possibilit\u00e9 d&rsquo;avoir des t\u00e9l\u00e9commandes pour pouvoir les manipuler \u00e0 distance.<\/p>\n<h2>Selon vos besoins vous pouvez choisir entre le volet roulant :<\/h2>\n<p>Traditionnel: c&rsquo;est-\u00e0-dire que vous avez d\u00e9j\u00e0 un caisson d&rsquo;enroulement ou qu&rsquo;il faudra le cr\u00e9er.<\/p>\n<p>Monobloc: dans ce cas, le volet roulant est livr\u00e9 avec un caisson de protection en aluminium laqu\u00e9, qui s&rsquo;adapte en partie haute de la fen\u00eatre.<\/p>\n<p>Grand choix de coloris standard ou possibilit\u00e9 de laquage dans toute la palette RAL.<\/p>\n<p>&nbsp;<\/p>\n<h2>Stores ext\u00e9rieurs Nice<\/h2>\n<p>Nous vous proposons une gamme compl\u00e8te de stores ext\u00e9rieurs, avec la ma\u00eetrise de l&rsquo;ensemble des proc\u00e9d\u00e9s pour votre protection et le contr\u00f4le de la lumi\u00e8re avec \u00e9l\u00e9gance et l&rsquo;association de toute votre d\u00e9coration.<\/p>\n<p>Nous pouvons mettre \u00e0 disposition et gratuitement notre comp\u00e9tence, (technologie, mat\u00e9riaux, formes, coloris&#8230;).<\/p>\n<p>Grand choix de coloris dans les diff\u00e9rents catalogues PARA, VACHET, LATIM, SATTLER, DICKSON&#8230;Afin de vous satisfaire ou de retrouver votre couleur impos\u00e9e par d\u00e9cret municipal ou de co-propri\u00e9t\u00e9.<br \/>\n[\/et_pb_text][\/et_pb_column][\/et_pb_row][et_pb_row admin_label=\u00a0\u00bbLigne\u00a0\u00bb _builder_version=\u00a0\u00bb3.25&Prime; background_size=\u00a0\u00bbinitial\u00a0\u00bb background_position=\u00a0\u00bbtop_left\u00a0\u00bb background_repeat=\u00a0\u00bbrepeat\u00a0\u00bb custom_padding=\u00a0\u00bb8px|||||\u00a0\u00bb make_fullwidth=\u00a0\u00bboff\u00a0\u00bb use_custom_width=\u00a0\u00bboff\u00a0\u00bb width_unit=\u00a0\u00bbon\u00a0\u00bb global_module=\u00a0\u00bb1178&Prime; global_colors_info=\u00a0\u00bb{}\u00a0\u00bb][et_pb_column type=\u00a0\u00bb4_4&Prime; _builder_version=\u00a0\u00bb4.16&Prime; custom_padding=\u00a0\u00bb|||\u00a0\u00bb global_colors_info=\u00a0\u00bb{}\u00a0\u00bb custom_padding__hover=\u00a0\u00bb|||\u00a0\u00bb][et_pb_button button_url=\u00a0\u00bbhttps:\/\/www.groupepremier.fr\/?page_id=69&Prime; button_text=\u00a0\u00bbNous contacter\u00a0\u00bb button_alignment=\u00a0\u00bbcenter\u00a0\u00bb admin_label=\u00a0\u00bbBouton\u00a0\u00bb _builder_version=\u00a0\u00bb4.27.6&Prime; custom_button=\u00a0\u00bbon\u00a0\u00bb button_text_color=\u00a0\u00bb#ffffff\u00a0\u00bb button_bg_color=\u00a0\u00bb#e5c03d\u00a0\u00bb background_layout=\u00a0\u00bbdark\u00a0\u00bb button_letter_spacing_hover=\u00a0\u00bb0&Prime; global_colors_info=\u00a0\u00bb{}\u00a0\u00bb button_text_size__hover_enabled=\u00a0\u00bboff\u00a0\u00bb button_one_text_size__hover_enabled=\u00a0\u00bboff\u00a0\u00bb button_two_text_size__hover_enabled=\u00a0\u00bboff\u00a0\u00bb button_text_color__hover_enabled=\u00a0\u00bboff\u00a0\u00bb button_one_text_color__hover_enabled=\u00a0\u00bboff\u00a0\u00bb button_two_text_color__hover_enabled=\u00a0\u00bboff\u00a0\u00bb button_border_width__hover_enabled=\u00a0\u00bboff\u00a0\u00bb button_one_border_width__hover_enabled=\u00a0\u00bboff\u00a0\u00bb button_two_border_width__hover_enabled=\u00a0\u00bboff\u00a0\u00bb button_border_color__hover_enabled=\u00a0\u00bboff\u00a0\u00bb button_one_border_color__hover_enabled=\u00a0\u00bboff\u00a0\u00bb button_two_border_color__hover_enabled=\u00a0\u00bboff\u00a0\u00bb button_border_radius__hover_enabled=\u00a0\u00bboff\u00a0\u00bb button_one_border_radius__hover_enabled=\u00a0\u00bboff\u00a0\u00bb button_two_border_radius__hover_enabled=\u00a0\u00bboff\u00a0\u00bb button_letter_spacing__hover_enabled=\u00a0\u00bbon\u00a0\u00bb button_letter_spacing__hover=\u00a0\u00bb0&Prime; button_one_letter_spacing__hover_enabled=\u00a0\u00bboff\u00a0\u00bb button_two_letter_spacing__hover_enabled=\u00a0\u00bboff\u00a0\u00bb button_bg_color__hover_enabled=\u00a0\u00bboff\u00a0\u00bb button_one_bg_color__hover_enabled=\u00a0\u00bboff\u00a0\u00bb button_two_bg_color__hover_enabled=\u00a0\u00bboff\u00a0\u00bb][\/et_pb_button][et_pb_text admin_label=\u00a0\u00bbTexte\u00a0\u00bb _builder_version=\u00a0\u00bb4.16&Prime; background_size=\u00a0\u00bbinitial\u00a0\u00bb background_position=\u00a0\u00bbtop_left\u00a0\u00bb background_repeat=\u00a0\u00bbrepeat\u00a0\u00bb use_border_color=\u00a0\u00bboff\u00a0\u00bb border_color=\u00a0\u00bb#ffffff\u00a0\u00bb border_style=\u00a0\u00bbsolid\u00a0\u00bb global_colors_info=\u00a0\u00bb{}\u00a0\u00bb]<\/p>\n<hr>\n<p>&nbsp;<\/p>\n<h2>Nos r\u00e9alisations :<\/h2>\n<p>[\/et_pb_text][\/et_pb_column][\/et_pb_row][et_pb_row admin_label=\u00a0\u00bbLigne\u00a0\u00bb _builder_version=\u00a0\u00bb4.16&Prime; background_size=\u00a0\u00bbinitial\u00a0\u00bb background_position=\u00a0\u00bbtop_left\u00a0\u00bb background_repeat=\u00a0\u00bbrepeat\u00a0\u00bb global_colors_info=\u00a0\u00bb{}\u00a0\u00bb][et_pb_column type=\u00a0\u00bb4_4&Prime; _builder_version=\u00a0\u00bb4.16&Prime; custom_padding=\u00a0\u00bb|||\u00a0\u00bb global_colors_info=\u00a0\u00bb{}\u00a0\u00bb custom_padding__hover=\u00a0\u00bb|||\u00a0\u00bb][et_pb_gallery gallery_ids=\u00a0\u00bb111,112,113,114,115,116,649,648,647,646,644,643,641,632,633,635,636,638,639,631,630,628,627,626,616,617,618,625,623,622,620,619&Prime; gallery_orderby=\u00a0\u00bbrand\u00a0\u00bb posts_number=\u00a0\u00bb40&Prime; show_pagination=\u00a0\u00bboff\u00a0\u00bb admin_label=\u00a0\u00bbGalerie\u00a0\u00bb _builder_version=\u00a0\u00bb4.27.6&Prime; background_layout=\u00a0\u00bbdark\u00a0\u00bb hover_enabled=\u00a0\u00bb0&Prime; global_colors_info=\u00a0\u00bb{}\u00a0\u00bb sticky_enabled=\u00a0\u00bb0&Prime;][\/et_pb_gallery][\/et_pb_column][\/et_pb_row][et_pb_row _builder_version=\u00a0\u00bb4.16&Prime; background_size=\u00a0\u00bbinitial\u00a0\u00bb background_position=\u00a0\u00bbtop_left\u00a0\u00bb background_repeat=\u00a0\u00bbrepeat\u00a0\u00bb global_colors_info=\u00a0\u00bb{}\u00a0\u00bb][et_pb_column type=\u00a0\u00bb4_4&Prime; _builder_version=\u00a0\u00bb4.16&Prime; custom_padding=\u00a0\u00bb|||\u00a0\u00bb global_colors_info=\u00a0\u00bb{}\u00a0\u00bb custom_padding__hover=\u00a0\u00bb|||\u00a0\u00bb][et_pb_text _builder_version=\u00a0\u00bb4.16&Prime; background_size=\u00a0\u00bbinitial\u00a0\u00bb background_position=\u00a0\u00bbtop_left\u00a0\u00bb background_repeat=\u00a0\u00bbrepeat\u00a0\u00bb global_colors_info=\u00a0\u00bb{}\u00a0\u00bb]<\/p>\n<h2>Nos zones d&rsquo;intervention<\/h2>\n<p>Notre mission ? Apporter confort et \u00e9l\u00e9gance \u00e0 votre habitat avec des volets roulants et des stores sur mesure, adapt\u00e9s \u00e0 tous les styles de vie et \u00e0 tous les environnements. Nous intervenons sur un territoire vari\u00e9, m\u00ealant littoral ensoleill\u00e9 et arri\u00e8re-pays verdoyant.<\/p>\n<p>Notre zone d\u2019intervention s\u2019\u00e9tend de Cannes \u00e0 Menton, en passant par <strong>Cagnes-sur-Mer<\/strong>, <strong>Saint-Laurent-du-Var<\/strong> et <strong>Villeneuve-Loubet<\/strong>, o\u00f9 nos solutions apportent une protection efficace contre le soleil et les intemp\u00e9ries tout en am\u00e9liorant l\u2019isolation de votre maison. Dans les villes comme <strong>Antibes<\/strong>, <strong>Juan-les-Pins<\/strong> et <strong>Biot<\/strong>, nous proposons des installations modernes et performantes, id\u00e9ales pour pr\u00e9server votre confort en toute saison.<\/p>\n<p>Dans les charmants villages de l\u2019arri\u00e8re-pays, tels que <strong>Le Rouret<\/strong>, <strong>Opio<\/strong>, ou <strong>Ch\u00e2teauneuf-Grasse<\/strong>, nos volets roulants et stores se fondent harmonieusement dans le cadre architectural local. Chaque installation est pens\u00e9e pour allier praticit\u00e9 et esth\u00e9tique, tout en valorisant votre patrimoine immobilier.<\/p>\n<p>Nous sommes \u00e9galement pr\u00e9sents dans les zones littorales embl\u00e9matiques telles que <strong>Beaulieu-sur-Mer<\/strong>, <strong>Cap-d&rsquo;Ail<\/strong>, et <strong>\u00c8ze<\/strong>, ainsi qu\u2019\u00e0 <strong>Roquebrune-Cap-Martin<\/strong> et <strong>Monaco<\/strong>.<br \/>\n[\/et_pb_text][\/et_pb_column][\/et_pb_row][\/et_pb_section]<\/p>\n","protected":false},"excerpt":{"rendered":"<p>Sp\u00e9cialistes des volets roulants de Cannes \u00e0 Menton Volets roulants \u00e0 fonctionnement manuel : Le volet roulant reste l&rsquo;outil indispensable quant \u00e0 l&rsquo;isolation, le confort et la s\u00e9curit\u00e9 de votre habitation. En effet il participe \u00e0 la s\u00e9curit\u00e9 de vos biens et des personnes. Il joue aussi une v\u00e9ritable barri\u00e8re thermique, il am\u00e9liore sensiblement l&rsquo;isolation [&hellip;]<\/p>\n","protected":false},"author":1,"featured_media":0,"parent":0,"menu_order":0,"comment_status":"closed","ping_status":"closed","template":"","meta":{"_et_pb_use_builder":"on","_et_pb_old_content":"","_et_gb_content_width":"","footnotes":""},"class_list":["post-110","page","type-page","status-publish","hentry"],"aioseo_notices":[],"_links":{"self":[{"href":"https:\/\/www.groupepremier.fr\/index.php?rest_route=\/wp\/v2\/pages\/110","targetHints":{"allow":["GET"]}}],"collection":[{"href":"https:\/\/www.groupepremier.fr\/index.php?rest_route=\/wp\/v2\/pages"}],"about":[{"href":"https:\/\/www.groupepremier.fr\/index.php?rest_route=\/wp\/v2\/types\/page"}],"author":[{"embeddable":true,"href":"https:\/\/www.groupepremier.fr\/index.php?rest_route=\/wp\/v2\/users\/1"}],"replies":[{"embeddable":true,"href":"https:\/\/www.groupepremier.fr\/index.php?rest_route=%2Fwp%2Fv2%2Fcomments&post=110"}],"version-history":[{"count":15,"href":"https:\/\/www.groupepremier.fr\/index.php?rest_route=\/wp\/v2\/pages\/110\/revisions"}],"predecessor-version":[{"id":1351,"href":"https:\/\/www.groupepremier.fr\/index.php?rest_route=\/wp\/v2\/pages\/110\/revisions\/1351"}],"wp:attachment":[{"href":"https:\/\/www.groupepremier.fr\/index.php?rest_route=%2Fwp%2Fv2%2Fmedia&parent=110"}],"curies":[{"name":"wp","href":"https:\/\/api.w.org\/{rel}","templated":true}]}}