{"id":102,"date":"2017-02-07T14:43:36","date_gmt":"2017-02-07T13:43:36","guid":{"rendered":"https:\/\/www.groupepremier.fr\/?page_id=102"},"modified":"2026-03-25T18:24:40","modified_gmt":"2026-03-25T17:24:40","slug":"miroiterie-nice-vitrerie","status":"publish","type":"page","link":"https:\/\/www.groupepremier.fr\/?page_id=102","title":{"rendered":"Miroiterie et vitrerie \u00e0 Nice"},"content":{"rendered":"<p>[et_pb_section fb_built=\u00a0\u00bb1&Prime; fullwidth=\u00a0\u00bbon\u00a0\u00bb admin_label=\u00a0\u00bbSection\u00a0\u00bb _builder_version=\u00a0\u00bb4.16&Prime; global_colors_info=\u00a0\u00bb{}\u00a0\u00bb][et_pb_fullwidth_image src=\u00a0\u00bbhttps:\/\/www.groupepremier.fr\/wp-content\/uploads\/2017\/02\/header-miroiterie-nice-vitrerie.jpg\u00a0\u00bb admin_label=\u00a0\u00bbImage en pleine largeur\u00a0\u00bb _builder_version=\u00a0\u00bb4.16&Prime; animation_style=\u00a0\u00bbslide\u00a0\u00bb animation_direction=\u00a0\u00bbleft\u00a0\u00bb animation_duration=\u00a0\u00bb500ms\u00a0\u00bb animation_intensity_slide=\u00a0\u00bb10%\u00a0\u00bb global_colors_info=\u00a0\u00bb{}\u00a0\u00bb][\/et_pb_fullwidth_image][\/et_pb_section][et_pb_section fb_built=\u00a0\u00bb1&Prime; admin_label=\u00a0\u00bbsection\u00a0\u00bb _builder_version=\u00a0\u00bb4.16&Prime; global_colors_info=\u00a0\u00bb{}\u00a0\u00bb][et_pb_row admin_label=\u00a0\u00bbrow\u00a0\u00bb _builder_version=\u00a0\u00bb4.16&Prime; background_size=\u00a0\u00bbinitial\u00a0\u00bb background_position=\u00a0\u00bbtop_left\u00a0\u00bb background_repeat=\u00a0\u00bbrepeat\u00a0\u00bb global_colors_info=\u00a0\u00bb{}\u00a0\u00bb][et_pb_column type=\u00a0\u00bb4_4&Prime; _builder_version=\u00a0\u00bb4.16&Prime; custom_padding=\u00a0\u00bb|||\u00a0\u00bb global_colors_info=\u00a0\u00bb{}\u00a0\u00bb custom_padding__hover=\u00a0\u00bb|||\u00a0\u00bb][et_pb_text admin_label=\u00a0\u00bbTexte\u00a0\u00bb _builder_version=\u00a0\u00bb4.16&Prime; background_size=\u00a0\u00bbinitial\u00a0\u00bb background_position=\u00a0\u00bbtop_left\u00a0\u00bb background_repeat=\u00a0\u00bbrepeat\u00a0\u00bb global_colors_info=\u00a0\u00bb{}\u00a0\u00bb]<\/p>\n<h1>Votre miroiterie vitrerie \u00e0 Nice et Cannes<\/h1>\n<p>Les vitrages que nous utilisons et qui \u00e9quipent nos produits sont garantis CEKAL et\/ou SAINT GOBAIN \u00e0 la demande.<\/p>\n<h2>Miroiterie :<\/h2>\n<p>Les miroirs ou verres argent\u00e9s restent des outils indispensables pour la d\u00e9coration int\u00e9rieure de votre habit\u00e2t.<br \/>\nPlusieurs fa\u00e7onnages sont disponibles (biseau, joints polis, chanfrein).<br \/>\nVous avez le choix entre plusieurs teintes: argent\u00e9 clair, bronze, aspect vieilli, argent\u00e9 gris, miroir sans teint (miroir espion)&#8230;<\/p>\n<h2>Vitrage simple :<\/h2>\n<ul>\n<li>Pose de miroirs. Diff\u00e9rentes teintes au choix.<\/li>\n<li>Pour les remplacements de casse au tarif assurance sur ch\u00e2ssis existants.<\/li>\n<li>Pour vos tables en verre, \u00e9tag\u00e8res, dalles de plancher&#8230;les \u00e9paisseurs vont de 2 \u00e0 30mm.<\/li>\n<\/ul>\n<p>Options: Joints polis, coins mouch\u00e9s, bec de corbin, biseau, coins ronds.<br \/>\nFabrication de verre en forme (rond, trap\u00e9zo\u00efdale &#8230;).<br \/>\nPossibilit\u00e9 d&rsquo;usinage des verres (trous, encoches&#8230;).<\/p>\n<h2>Double vitrage :<\/h2>\n<p>Nos doubles vitrages \u00e9quipent nos ch\u00e2ssis ouvrants, fixes ou coulissants pour assurer une isolation phonique et thermique optimale:<\/p>\n<ul>\n<li>Double vitrage isolant : 4\/8\/4, 4\/10\/4, 4\/12\/4, 4\/16\/4, 10\/10\/4 &#8230;<\/li>\n<li>Double vitrage de s\u00e9curit\u00e9 (anti-effraction): 4\/10\/44.2&#8230;<\/li>\n<\/ul>\n<p>Le premier chiffre correspond \u00e0 l&rsquo;\u00e9paisseur de la premi\u00e8re face de verre, le deuxi\u00e8me \u00e0 l&rsquo;espace d&rsquo;air qu&rsquo;il y a entre les deux faces et qui assure l&rsquo;isolation, et le troisi\u00e8me correspond \u00e0 l&rsquo;\u00e9paisseur de la derni\u00e8re face du double vitrage.<\/p>\n<h2>Vitrage feuillet\u00e9 ou stadip (anti-effraction ou anti-\u00e9clats s\u00e9curit\u00e9) :<\/h2>\n<p>Les vitrages feuillet\u00e9s sont des vitrages de s\u00e9curit\u00e9 qui sont compos\u00e9s de deux faces vitr\u00e9s et d&rsquo;un bytural en plastique (film de protection) pour garantir en cas de bris de glace ou de sinistre, la coh\u00e9sion du vitrage.<br \/>\nExemples : Garde corps en verre (piscine, balcon, vitrine de magasin&#8230;).<br \/>\nEpaisseurs : 33\/2, 44\/2, 55\/2 tri feuillet\u00e9 666\/2&#8230;<br \/>\nIls sont aussi utilis\u00e9s contre :<\/p>\n<ul>\n<li>Les tentatives d&rsquo;effractions. Appellation : SP10, SP15 &#8230; (dit retardateur d&rsquo;effraction).<\/li>\n<li>La lutte contre les incendies \u00e9ventuels, Appellation: SWISS FLAM, PYRO FLAM, VETRO FLAM. Retardent de 30 \u00e0 90 min l&rsquo;incendie.<\/li>\n<li>Vitrage Pare-balles.<\/li>\n<\/ul>\n<h2>Vitrage s\u00e9curit ou tremp\u00e9 :<\/h2>\n<p>Essentiellement utilis\u00e9s pour les pare-douches, portes de magasins&#8230;<\/p>\n<h2>Verre laqu\u00e9 :<\/h2>\n<p>Essentiellement utilis\u00e9s pour la d\u00e9coration, cr\u00e9dence de cuisine, plan de travail&#8230;<br \/>\n[\/et_pb_text][\/et_pb_column][\/et_pb_row][et_pb_row admin_label=\u00a0\u00bbLigne\u00a0\u00bb _builder_version=\u00a0\u00bb3.25&Prime; background_size=\u00a0\u00bbinitial\u00a0\u00bb background_position=\u00a0\u00bbtop_left\u00a0\u00bb background_repeat=\u00a0\u00bbrepeat\u00a0\u00bb custom_padding=\u00a0\u00bb8px|||||\u00a0\u00bb make_fullwidth=\u00a0\u00bboff\u00a0\u00bb use_custom_width=\u00a0\u00bboff\u00a0\u00bb width_unit=\u00a0\u00bbon\u00a0\u00bb global_module=\u00a0\u00bb1178&Prime; global_colors_info=\u00a0\u00bb{}\u00a0\u00bb][et_pb_column type=\u00a0\u00bb4_4&Prime; _builder_version=\u00a0\u00bb4.16&Prime; custom_padding=\u00a0\u00bb|||\u00a0\u00bb global_colors_info=\u00a0\u00bb{}\u00a0\u00bb custom_padding__hover=\u00a0\u00bb|||\u00a0\u00bb][et_pb_button button_url=\u00a0\u00bbhttps:\/\/www.groupepremier.fr\/?page_id=69&Prime; button_text=\u00a0\u00bbNous contacter\u00a0\u00bb button_alignment=\u00a0\u00bbcenter\u00a0\u00bb admin_label=\u00a0\u00bbBouton\u00a0\u00bb _builder_version=\u00a0\u00bb4.27.6&Prime; custom_button=\u00a0\u00bbon\u00a0\u00bb button_text_color=\u00a0\u00bb#ffffff\u00a0\u00bb button_bg_color=\u00a0\u00bb#e5c03d\u00a0\u00bb background_layout=\u00a0\u00bbdark\u00a0\u00bb button_letter_spacing_hover=\u00a0\u00bb0&Prime; global_colors_info=\u00a0\u00bb{}\u00a0\u00bb button_text_size__hover_enabled=\u00a0\u00bboff\u00a0\u00bb button_one_text_size__hover_enabled=\u00a0\u00bboff\u00a0\u00bb button_two_text_size__hover_enabled=\u00a0\u00bboff\u00a0\u00bb button_text_color__hover_enabled=\u00a0\u00bboff\u00a0\u00bb button_one_text_color__hover_enabled=\u00a0\u00bboff\u00a0\u00bb button_two_text_color__hover_enabled=\u00a0\u00bboff\u00a0\u00bb button_border_width__hover_enabled=\u00a0\u00bboff\u00a0\u00bb button_one_border_width__hover_enabled=\u00a0\u00bboff\u00a0\u00bb button_two_border_width__hover_enabled=\u00a0\u00bboff\u00a0\u00bb button_border_color__hover_enabled=\u00a0\u00bboff\u00a0\u00bb button_one_border_color__hover_enabled=\u00a0\u00bboff\u00a0\u00bb button_two_border_color__hover_enabled=\u00a0\u00bboff\u00a0\u00bb button_border_radius__hover_enabled=\u00a0\u00bboff\u00a0\u00bb button_one_border_radius__hover_enabled=\u00a0\u00bboff\u00a0\u00bb button_two_border_radius__hover_enabled=\u00a0\u00bboff\u00a0\u00bb button_letter_spacing__hover_enabled=\u00a0\u00bbon\u00a0\u00bb button_letter_spacing__hover=\u00a0\u00bb0&Prime; button_one_letter_spacing__hover_enabled=\u00a0\u00bboff\u00a0\u00bb button_two_letter_spacing__hover_enabled=\u00a0\u00bboff\u00a0\u00bb button_bg_color__hover_enabled=\u00a0\u00bboff\u00a0\u00bb button_one_bg_color__hover_enabled=\u00a0\u00bboff\u00a0\u00bb button_two_bg_color__hover_enabled=\u00a0\u00bboff\u00a0\u00bb][\/et_pb_button][et_pb_text admin_label=\u00a0\u00bbTexte\u00a0\u00bb _builder_version=\u00a0\u00bb4.16&Prime; background_size=\u00a0\u00bbinitial\u00a0\u00bb background_position=\u00a0\u00bbtop_left\u00a0\u00bb background_repeat=\u00a0\u00bbrepeat\u00a0\u00bb use_border_color=\u00a0\u00bboff\u00a0\u00bb border_color=\u00a0\u00bb#ffffff\u00a0\u00bb border_style=\u00a0\u00bbsolid\u00a0\u00bb global_colors_info=\u00a0\u00bb{}\u00a0\u00bb]<\/p>\n<hr>\n<p>&nbsp;<\/p>\n<h2>Nos r\u00e9alisations :<\/h2>\n<p>[\/et_pb_text][\/et_pb_column][\/et_pb_row][et_pb_row admin_label=\u00a0\u00bbLigne\u00a0\u00bb _builder_version=\u00a0\u00bb4.16&Prime; background_size=\u00a0\u00bbinitial\u00a0\u00bb background_position=\u00a0\u00bbtop_left\u00a0\u00bb background_repeat=\u00a0\u00bbrepeat\u00a0\u00bb global_colors_info=\u00a0\u00bb{}\u00a0\u00bb][et_pb_column type=\u00a0\u00bb4_4&Prime; _builder_version=\u00a0\u00bb4.16&Prime; custom_padding=\u00a0\u00bb|||\u00a0\u00bb global_colors_info=\u00a0\u00bb{}\u00a0\u00bb custom_padding__hover=\u00a0\u00bb|||\u00a0\u00bb][et_pb_gallery gallery_ids=\u00a0\u00bb104,106,567,568,572,656,369,367,366,365,370,372,373,523,524,525,527,538,536,535,534,531,530,540,543,547,546,563,533,532,654,368,371,890,891,917,959,960,963,1151&Prime; gallery_orderby=\u00a0\u00bbrand\u00a0\u00bb posts_number=\u00a0\u00bb300&Prime; admin_label=\u00a0\u00bbGalerie Miroiterie Vitrerie\u00a0\u00bb _builder_version=\u00a0\u00bb4.27.6&Prime; background_layout=\u00a0\u00bbdark\u00a0\u00bb hover_enabled=\u00a0\u00bb0&Prime; global_colors_info=\u00a0\u00bb{}\u00a0\u00bb sticky_enabled=\u00a0\u00bb0&Prime;][\/et_pb_gallery][\/et_pb_column][\/et_pb_row][et_pb_row _builder_version=\u00a0\u00bb4.16&Prime; background_size=\u00a0\u00bbinitial\u00a0\u00bb background_position=\u00a0\u00bbtop_left\u00a0\u00bb background_repeat=\u00a0\u00bbrepeat\u00a0\u00bb global_colors_info=\u00a0\u00bb{}\u00a0\u00bb][et_pb_column type=\u00a0\u00bb4_4&Prime; _builder_version=\u00a0\u00bb4.16&Prime; custom_padding=\u00a0\u00bb|||\u00a0\u00bb global_colors_info=\u00a0\u00bb{}\u00a0\u00bb custom_padding__hover=\u00a0\u00bb|||\u00a0\u00bb][et_pb_text _builder_version=\u00a0\u00bb4.16&Prime; background_size=\u00a0\u00bbinitial\u00a0\u00bb background_position=\u00a0\u00bbtop_left\u00a0\u00bb background_repeat=\u00a0\u00bbrepeat\u00a0\u00bb global_colors_info=\u00a0\u00bb{}\u00a0\u00bb]<\/p>\n<h2>Nos zones d&rsquo;intervention<\/h2>\n<p>Chez Groupe Premier, nous mettons notre expertise en miroiterie et vitrerie au service de tous les habitants des <strong>Alpes-Maritimes (06<\/strong>). De la c\u00f4te m\u00e9diterran\u00e9enne jusqu\u2019aux villages pittoresques de l\u2019arri\u00e8re-pays, notre \u00e9quipe vous accompagne avec professionnalisme et savoir-faire pour donner vie \u00e0 vos projets.<\/p>\n<p>Nos interventions s\u2019\u00e9tendent aux principales villes c\u00f4ti\u00e8res du d\u00e9partement, notamment <strong>Cannes<\/strong>, <strong>Antibes<\/strong>, <strong>Nice<\/strong>, <strong>Menton<\/strong>, <strong>Villeneuve-Loubet<\/strong> et <strong>Cagnes-sur-Mer<\/strong>, o\u00f9 nous r\u00e9alisons des installations et r\u00e9novations sur mesure. Que ce soit pour des vitrages isolants, des parois de douche, des garde-corps en verre ou des fa\u00e7ades vitr\u00e9es, nous garantissons des produits alliant performance et esth\u00e9tique. La principaut\u00e9 de <strong>Monaco<\/strong> fait \u00e9galement partie de nos zones couvertes, avec des prestations adapt\u00e9es \u00e0 ce cadre prestigieux et ses exigences sp\u00e9cifiques.<\/p>\n<p>Nous intervenons aussi dans les communes plus \u00e9loign\u00e9es, comme <strong>Biot<\/strong>, <strong>Valbonne, Sophia-Antipolis<\/strong>, ou encore <strong>Mougins<\/strong>, mais \u00e9galement dans les charmants villages de l\u2019arri\u00e8re-pays tels que <strong>Luc\u00e9ram<\/strong>, <strong>Roquebilli\u00e8re<\/strong>, Castagniers et <strong>Utelle<\/strong>.<\/p>\n<p>Chez Groupe Premier, chaque projet est une opportunit\u00e9 de mettre en avant notre passion pour la qualit\u00e9 et le d\u00e9tail. Que vous soyez \u00e0 <strong>Saint-Jean-Cap-Ferrat<\/strong>, <strong>\u00c8ze<\/strong> ou encore <strong>Villefranche-sur-Mer<\/strong> et <strong>Beaulieu-sur-Mer<\/strong>, nous sommes \u00e0 vos c\u00f4t\u00e9s pour concr\u00e9tiser vos envies, avec des solutions en miroiterie et vitrerie qui subliment vos espaces.<br \/>\n[\/et_pb_text][\/et_pb_column][\/et_pb_row][\/et_pb_section]<\/p>\n","protected":false},"excerpt":{"rendered":"<p>Votre miroiterie vitrerie \u00e0 Nice et Cannes Les vitrages que nous utilisons et qui \u00e9quipent nos produits sont garantis CEKAL et\/ou SAINT GOBAIN \u00e0 la demande. Miroiterie : Les miroirs ou verres argent\u00e9s restent des outils indispensables pour la d\u00e9coration int\u00e9rieure de votre habit\u00e2t. Plusieurs fa\u00e7onnages sont disponibles (biseau, joints polis, chanfrein). Vous avez le [&hellip;]<\/p>\n","protected":false},"author":1,"featured_media":0,"parent":0,"menu_order":0,"comment_status":"closed","ping_status":"closed","template":"","meta":{"_et_pb_use_builder":"on","_et_pb_old_content":"","_et_gb_content_width":"","footnotes":""},"class_list":["post-102","page","type-page","status-publish","hentry"],"aioseo_notices":[],"_links":{"self":[{"href":"https:\/\/www.groupepremier.fr\/index.php?rest_route=\/wp\/v2\/pages\/102","targetHints":{"allow":["GET"]}}],"collection":[{"href":"https:\/\/www.groupepremier.fr\/index.php?rest_route=\/wp\/v2\/pages"}],"about":[{"href":"https:\/\/www.groupepremier.fr\/index.php?rest_route=\/wp\/v2\/types\/page"}],"author":[{"embeddable":true,"href":"https:\/\/www.groupepremier.fr\/index.php?rest_route=\/wp\/v2\/users\/1"}],"replies":[{"embeddable":true,"href":"https:\/\/www.groupepremier.fr\/index.php?rest_route=%2Fwp%2Fv2%2Fcomments&post=102"}],"version-history":[{"count":30,"href":"https:\/\/www.groupepremier.fr\/index.php?rest_route=\/wp\/v2\/pages\/102\/revisions"}],"predecessor-version":[{"id":1341,"href":"https:\/\/www.groupepremier.fr\/index.php?rest_route=\/wp\/v2\/pages\/102\/revisions\/1341"}],"wp:attachment":[{"href":"https:\/\/www.groupepremier.fr\/index.php?rest_route=%2Fwp%2Fv2%2Fmedia&parent=102"}],"curies":[{"name":"wp","href":"https:\/\/api.w.org\/{rel}","templated":true}]}}